{"id":33,"date":"2017-03-14T09:59:40","date_gmt":"2017-03-14T09:59:40","guid":{"rendered":"http:\/\/richardjbucher.com\/?page_id=33"},"modified":"2024-05-23T13:57:11","modified_gmt":"2024-05-23T13:57:11","slug":"home-page","status":"publish","type":"page","link":"https:\/\/www.richardjbucher.com\/","title":{"rendered":"Home"},"content":{"rendered":"\n<div class=\"wp-block-columns is-layout-flex wp-container-core-columns-is-layout-1 wp-block-columns-is-layout-flex\">\n<div class=\"wp-block-column is-layout-flow wp-block-column-is-layout-flow\"><div class=\"wp-block-image\">\n<figure class=\"alignleft is-resized\"><a href=\"https:\/\/www.dbagency.co.uk\/talent-male\/richard-leron-bucher\" target=\"_blank\" rel=\"noreferrer noopener\"><img loading=\"lazy\" decoding=\"async\" width=\"1485\" height=\"783\" src=\"https:\/\/www.richardjbucher.com\/wp-content\/uploads\/2020\/11\/Mail-Anhang.png\" alt=\"\" class=\"wp-image-834\" style=\"width:186px;height:auto\" srcset=\"https:\/\/www.richardjbucher.com\/wp-content\/uploads\/2020\/11\/Mail-Anhang.png 1485w, https:\/\/www.richardjbucher.com\/wp-content\/uploads\/2020\/11\/Mail-Anhang-300x158.png 300w, https:\/\/www.richardjbucher.com\/wp-content\/uploads\/2020\/11\/Mail-Anhang-1024x540.png 1024w, https:\/\/www.richardjbucher.com\/wp-content\/uploads\/2020\/11\/Mail-Anhang-768x405.png 768w, https:\/\/www.richardjbucher.com\/wp-content\/uploads\/2020\/11\/Mail-Anhang-830x438.png 830w, https:\/\/www.richardjbucher.com\/wp-content\/uploads\/2020\/11\/Mail-Anhang-230x121.png 230w, https:\/\/www.richardjbucher.com\/wp-content\/uploads\/2020\/11\/Mail-Anhang-350x185.png 350w, https:\/\/www.richardjbucher.com\/wp-content\/uploads\/2020\/11\/Mail-Anhang-480x253.png 480w\" sizes=\"(max-width: 1485px) 100vw, 1485px\" \/><\/a><\/figure><\/div><\/div>\n\n\n\n<div class=\"wp-block-column is-vertically-aligned-center is-layout-flow wp-block-column-is-layout-flow\">\n<a class=\"pill-link-7kF9CLBWJ5\" href=\"https:\/\/www.spotlight.com\/5899-6727-0780\" tabIndex=\"0\">\n        <style>\n        @import url(https:\/\/fonts.googleapis.com\/css?family=Source+Sans+Pro:400,400i,600,700,700i);\n\n        .pill-link-7kF9CLBWJ5 {\n          text-decoration: none;\n        }\n\n        .pill-7kF9CLBWJ5 {\n          background-color: #4e4d92;\n          max-width: 100%;\n          padding: 4px 6px;\n          border-radius: 17.5px;\n          display: -ms-inline-flexbox;\n          display: inline-flex;\n          -ms-flex-align: center;\n          align-items: center;\n          font-family: Source Sans Pro, sans-serif;\n        }\n\n        .pill__icon-img-7kF9CLBWJ5 {\n          height: 27px;\n        }\n\n        .pill__children-container-7kF9CLBWJ5 {\n          font-size: 14px;\n          color: #fff;\n          padding-bottom: 1px;\n          margin: 0 4px;\n          overflow: hidden;\n          -o-text-overflow: ellipsis;\n          text-overflow: ellipsis;\n          white-space: nowrap;\n          font-weight: 600;\n        }\n      <\/style>\n        <span class=\"pill-7kF9CLBWJ5\">\n          <span class=\"pill__icon-container-7kF9CLBWJ5\">\n            <img decoding=\"async\"\n              class=\"pill__icon-img-7kF9CLBWJ5\"\n              src=\"https:\/\/staticassets.spotlight.com\/spotlight-logo.svg\"\n              alt=\"icon\"\n            >\n          <\/span>\n          <span class=\"pill__children-container-7kF9CLBWJ5\">\n            Spotlight performer\n          <\/span>\n        <\/span>\n      <\/a>\n<\/div>\n<\/div>\n\n\n<h6>News:&nbsp;<\/h6>\n<p>New Trailer:<\/p>\n<!--[if lt IE 9]><script>document.createElement('video');<\/script><![endif]-->\n\t<div class=\"wp-playlist wp-video-playlist wp-playlist-light\">\n\t\t<video controls=\"controls\" preload=\"none\" width=\"1148\"\n\t\t height=\"646\"\t><\/video>\n\t<div class=\"wp-playlist-next\"><\/div>\n\t<div class=\"wp-playlist-prev\"><\/div>\n\t<noscript>\n\t<ol>\n\t\t<li><a href='https:\/\/www.richardjbucher.com\/wp-content\/uploads\/2023\/07\/Showreel-1.mp4'>Showreel<\/a><\/li>\t<\/ol>\n\t<\/noscript>\n\t<script type=\"application\/json\" class=\"wp-playlist-script\">{\"type\":\"video\",\"tracklist\":false,\"tracknumbers\":true,\"images\":true,\"artists\":true,\"tracks\":[{\"src\":\"https:\\\/\\\/www.richardjbucher.com\\\/wp-content\\\/uploads\\\/2023\\\/07\\\/Showreel-1.mp4\",\"type\":\"video\\\/mp4\",\"title\":\"Showreel\",\"caption\":\"\",\"description\":\"\",\"meta\":{\"length_formatted\":\"0:45\"},\"dimensions\":{\"original\":{\"width\":1280,\"height\":720},\"resized\":{\"width\":1148,\"height\":646}},\"image\":{\"src\":\"https:\\\/\\\/www.richardjbucher.com\\\/wp-includes\\\/images\\\/media\\\/video.svg\",\"width\":48,\"height\":64},\"thumb\":{\"src\":\"https:\\\/\\\/www.richardjbucher.com\\\/wp-includes\\\/images\\\/media\\\/video.svg\",\"width\":48,\"height\":64}}]}<\/script>\n<\/div>\n\t\n<p>Neue Schauspielphotos von Remy Hunter:<br>New Headshots by Remy Hunter:<\/p>\n<p><a href=\"https:\/\/www.richardjbucher.com\/?page_id=43\"><img loading=\"lazy\" decoding=\"async\" class=\"wp-image-914 alignleft\" src=\"https:\/\/www.richardjbucher.com\/wp-content\/uploads\/2023\/07\/Richard-Leron-Bucher-Instagram-1724-819x1024.jpg\" alt=\"\" width=\"386\" height=\"482\" srcset=\"https:\/\/www.richardjbucher.com\/wp-content\/uploads\/2023\/07\/Richard-Leron-Bucher-Instagram-1724-819x1024.jpg 819w, https:\/\/www.richardjbucher.com\/wp-content\/uploads\/2023\/07\/Richard-Leron-Bucher-Instagram-1724-240x300.jpg 240w, https:\/\/www.richardjbucher.com\/wp-content\/uploads\/2023\/07\/Richard-Leron-Bucher-Instagram-1724-768x960.jpg 768w, https:\/\/www.richardjbucher.com\/wp-content\/uploads\/2023\/07\/Richard-Leron-Bucher-Instagram-1724-1000x1250.jpg 1000w, https:\/\/www.richardjbucher.com\/wp-content\/uploads\/2023\/07\/Richard-Leron-Bucher-Instagram-1724-230x288.jpg 230w, https:\/\/www.richardjbucher.com\/wp-content\/uploads\/2023\/07\/Richard-Leron-Bucher-Instagram-1724-350x438.jpg 350w, https:\/\/www.richardjbucher.com\/wp-content\/uploads\/2023\/07\/Richard-Leron-Bucher-Instagram-1724-480x600.jpg 480w, https:\/\/www.richardjbucher.com\/wp-content\/uploads\/2023\/07\/Richard-Leron-Bucher-Instagram-1724.jpg 1080w\" sizes=\"(max-width: 386px) 100vw, 386px\" \/><\/a><\/p>\n<p>&nbsp;<\/p>\n<p>&nbsp;<\/p>\n<p>&nbsp;<\/p>\n<p>&nbsp;<\/p>\n<p>&nbsp;<\/p>\n<p>&nbsp;<\/p>\n<p>&nbsp;<\/p>\n<p>&nbsp;<\/p>\n<p>&nbsp;<\/p>\n<p>&nbsp;<\/p>\n<p>&nbsp;<\/p>\n<p>Die kleine Hexe:<\/p>\n<p><iframe loading=\"lazy\" title=\"Die kleine Hexe Trailer 1\" width=\"1170\" height=\"658\" src=\"https:\/\/www.youtube.com\/embed\/vRcmHQP0ilE?feature=oembed\" frameborder=\"0\" allow=\"accelerometer; autoplay; clipboard-write; encrypted-media; gyroscope; picture-in-picture; web-share\" referrerpolicy=\"strict-origin-when-cross-origin\" allowfullscreen><\/iframe><\/p>\n<p>&nbsp;<\/p>\n<p>Laced silk as Stuart Morley:&nbsp;<\/p>\n<p><iframe loading=\"lazy\" title=\"Laced Silk |\u00a0Official Trailer\" width=\"1170\" height=\"658\" src=\"https:\/\/www.youtube.com\/embed\/HH9ClwlaTO4?feature=oembed\" frameborder=\"0\" allow=\"accelerometer; autoplay; clipboard-write; encrypted-media; gyroscope; picture-in-picture; web-share\" referrerpolicy=\"strict-origin-when-cross-origin\" allowfullscreen><\/iframe><\/p>\n<p><span style=\"font-size: inherit;\">Im moment zu sehen in &#8222;Der kleinen Niederdorf Oper&#8220; als Herr K\u00fcbler:<\/span><\/p>\n<p><a href=\"https:\/\/www.kleine-niederdorfoper.ch\" target=\"_blank\" rel=\"noopener noreferrer\"><img loading=\"lazy\" decoding=\"async\" class=\"alignleft wp-image-748 size-full\" src=\"https:\/\/www.richardjbucher.com\/wp-content\/uploads\/2020\/02\/KNO_Screen.jpg\" alt=\"\" width=\"981\" height=\"553\" srcset=\"https:\/\/www.richardjbucher.com\/wp-content\/uploads\/2020\/02\/KNO_Screen.jpg 981w, https:\/\/www.richardjbucher.com\/wp-content\/uploads\/2020\/02\/KNO_Screen-300x169.jpg 300w, https:\/\/www.richardjbucher.com\/wp-content\/uploads\/2020\/02\/KNO_Screen-768x433.jpg 768w, https:\/\/www.richardjbucher.com\/wp-content\/uploads\/2020\/02\/KNO_Screen-830x468.jpg 830w, https:\/\/www.richardjbucher.com\/wp-content\/uploads\/2020\/02\/KNO_Screen-230x130.jpg 230w, https:\/\/www.richardjbucher.com\/wp-content\/uploads\/2020\/02\/KNO_Screen-350x197.jpg 350w, https:\/\/www.richardjbucher.com\/wp-content\/uploads\/2020\/02\/KNO_Screen-480x271.jpg 480w\" sizes=\"(max-width: 981px) 100vw, 981px\" \/><\/a><\/p>\n<p>&nbsp;<\/p>\n<p>New outtakes from Acey Lanes Music Video, just watch:&nbsp;<\/p>\n<p><iframe loading=\"lazy\" title=\"Scenes from Acey Lanes music video\" width=\"1170\" height=\"658\" src=\"https:\/\/www.youtube.com\/embed\/ROyqQzOItMo?feature=oembed\" frameborder=\"0\" allow=\"accelerometer; autoplay; clipboard-write; encrypted-media; gyroscope; picture-in-picture; web-share\" referrerpolicy=\"strict-origin-when-cross-origin\" allowfullscreen><\/iframe><\/p>\n<p>&nbsp;<\/p>\n<p>New Showreel, just check it out:<\/p>\n<p>&nbsp;<\/p>\n<p>Some impressions of Winnetou and the Oilprince, just click on the photo to get to the gallery:&nbsp;<\/p>\n<p>Hier ein paar Eindr\u00fccke des St\u00fcckes Winnetou und der \u00d6lprinz, Photo anklicken um zur Galerie zu gelangen:<\/p>\n<p><a href=\"https:\/\/www.richardjbucher.com\/?page_id=725\"><img loading=\"lazy\" decoding=\"async\" class=\"alignleft wp-image-705 size-full\" src=\"https:\/\/www.richardjbucher.com\/wp-content\/uploads\/2019\/08\/004-Kopie.jpg\" alt=\"\" width=\"3350\" height=\"2233\" srcset=\"https:\/\/www.richardjbucher.com\/wp-content\/uploads\/2019\/08\/004-Kopie.jpg 3350w, https:\/\/www.richardjbucher.com\/wp-content\/uploads\/2019\/08\/004-Kopie-300x200.jpg 300w, https:\/\/www.richardjbucher.com\/wp-content\/uploads\/2019\/08\/004-Kopie-768x512.jpg 768w, https:\/\/www.richardjbucher.com\/wp-content\/uploads\/2019\/08\/004-Kopie-1024x683.jpg 1024w, https:\/\/www.richardjbucher.com\/wp-content\/uploads\/2019\/08\/004-Kopie-830x553.jpg 830w, https:\/\/www.richardjbucher.com\/wp-content\/uploads\/2019\/08\/004-Kopie-230x153.jpg 230w, https:\/\/www.richardjbucher.com\/wp-content\/uploads\/2019\/08\/004-Kopie-350x233.jpg 350w, https:\/\/www.richardjbucher.com\/wp-content\/uploads\/2019\/08\/004-Kopie-480x320.jpg 480w, https:\/\/www.richardjbucher.com\/wp-content\/uploads\/2019\/08\/004-Kopie-272x182.jpg 272w\" sizes=\"(max-width: 3350px) 100vw, 3350px\" \/><\/a><\/p>\n<p>Here is a new article where I am playing Old Shatterhand in &#8222;Winnetou und der \u00d6lprinz&#8220;, just check it out:&nbsp;<\/p>\n<p>Thanks Luzerner Zeitung.&nbsp;<\/p>\n<p>Danke Luzerner Zeitung f\u00fcr diesen Bericht, einfach link anklicken:<\/p>\n<p><a href=\"https:\/\/www.luzernerzeitung.ch\/zentralschweiz\/luzern\/fuer-den-oelprinzen-in-engelberg-nimmt-old-shatterhand-reitunterricht-ld.1126889?mktcid=smsh&amp;mktcval=E-mail\" target=\"_blank\" rel=\"noopener noreferrer\">https:\/\/www.luzernerzeitung.ch\/zentralschweiz\/luzern\/fuer-den-oelprinzen-in-engelberg-nimmt-old-shatterhand-reitunterricht-ld.1126889?mktcid=smsh&amp;mktcval=E-mail<\/a><\/p>\n<p>F\u00fcr mehr Informationen und Tickets einfach auf:&nbsp;<br>For more information and tickets, click link:<\/p>\n<p><a href=\"http:\/\/www.winnetou.ch\" target=\"_blank\" rel=\"noopener noreferrer\">www.winnetou.ch<\/a><\/p>\n<p>Picture: Puis Amrein<\/p>\n<p><a href=\"https:\/\/www.luzernerzeitung.ch\/zentralschweiz\/luzern\/fuer-den-oelprinzen-in-engelberg-nimmt-old-shatterhand-reitunterricht-ld.1126889?mktcid=smsh&amp;mktcval=E-mail\" target=\"_blank\" rel=\"noopener noreferrer\"><img loading=\"lazy\" decoding=\"async\" class=\"alignleft size-full wp-image-679\" src=\"https:\/\/www.richardjbucher.com\/wp-content\/uploads\/2019\/06\/OldShatterhand.jpeg\" alt=\"\" width=\"2000\" height=\"1333\" srcset=\"https:\/\/www.richardjbucher.com\/wp-content\/uploads\/2019\/06\/OldShatterhand.jpeg 2000w, https:\/\/www.richardjbucher.com\/wp-content\/uploads\/2019\/06\/OldShatterhand-300x200.jpeg 300w, https:\/\/www.richardjbucher.com\/wp-content\/uploads\/2019\/06\/OldShatterhand-768x512.jpeg 768w, https:\/\/www.richardjbucher.com\/wp-content\/uploads\/2019\/06\/OldShatterhand-1024x682.jpeg 1024w, https:\/\/www.richardjbucher.com\/wp-content\/uploads\/2019\/06\/OldShatterhand-830x553.jpeg 830w, https:\/\/www.richardjbucher.com\/wp-content\/uploads\/2019\/06\/OldShatterhand-230x153.jpeg 230w, https:\/\/www.richardjbucher.com\/wp-content\/uploads\/2019\/06\/OldShatterhand-350x233.jpeg 350w, https:\/\/www.richardjbucher.com\/wp-content\/uploads\/2019\/06\/OldShatterhand-480x320.jpeg 480w, https:\/\/www.richardjbucher.com\/wp-content\/uploads\/2019\/06\/OldShatterhand-272x182.jpeg 272w\" sizes=\"(max-width: 2000px) 100vw, 2000px\" \/><\/a><\/p>\n<p>&nbsp;<\/p>\n<p>A new commercial for Galaxus is out, actually two, directed by Chris Niemeyer:<\/p>\n<p><iframe loading=\"lazy\" title=\"Der gute Wille z\u00e4hlt \u2013 Galaxus TV-Spot (extended version)\" width=\"1170\" height=\"658\" src=\"https:\/\/www.youtube.com\/embed\/2T8raVD_XSA?feature=oembed\" frameborder=\"0\" allow=\"accelerometer; autoplay; clipboard-write; encrypted-media; gyroscope; picture-in-picture; web-share\" referrerpolicy=\"strict-origin-when-cross-origin\" allowfullscreen><\/iframe><\/p>\n<p><iframe loading=\"lazy\" title=\"Die Spritztour mit Vollbremsung \u2013 Galaxus TV-Spot (extended version)\" width=\"1170\" height=\"658\" src=\"https:\/\/www.youtube.com\/embed\/IA8Yxhsz8cA?feature=oembed\" frameborder=\"0\" allow=\"accelerometer; autoplay; clipboard-write; encrypted-media; gyroscope; picture-in-picture; web-share\" referrerpolicy=\"strict-origin-when-cross-origin\" allowfullscreen><\/iframe><\/p>\n<p>&nbsp;<\/p>\n<p>New Short Movie is coming out, see the trailer:<\/p>\n<p><iframe loading=\"lazy\" title=\"TRAILER of Shortfilm FARID, WHERE ARE YOU?\" width=\"1170\" height=\"658\" src=\"https:\/\/www.youtube.com\/embed\/rct-w3t71PE?feature=oembed\" frameborder=\"0\" allow=\"accelerometer; autoplay; clipboard-write; encrypted-media; gyroscope; picture-in-picture; web-share\" referrerpolicy=\"strict-origin-when-cross-origin\" allowfullscreen><\/iframe><\/p>\n<p>&nbsp;<\/p>\n<p>Work for Swisscom 5G with the great director Tarsem Singh:<a href=\"https:\/\/www.pumpkinfilm.ch\/?vimeography_gallery=40&amp;vimeography_video=279837361\" target=\"_blank\" rel=\"noopener noreferrer\"><img loading=\"lazy\" decoding=\"async\" class=\"alignleft wp-image-650 size-full\" src=\"https:\/\/www.richardjbucher.com\/wp-content\/uploads\/2019\/04\/SWISSCOM_PUMPKIN.png\" alt=\"\" width=\"891\" height=\"482\" srcset=\"https:\/\/www.richardjbucher.com\/wp-content\/uploads\/2019\/04\/SWISSCOM_PUMPKIN.png 891w, https:\/\/www.richardjbucher.com\/wp-content\/uploads\/2019\/04\/SWISSCOM_PUMPKIN-300x162.png 300w, https:\/\/www.richardjbucher.com\/wp-content\/uploads\/2019\/04\/SWISSCOM_PUMPKIN-768x415.png 768w, https:\/\/www.richardjbucher.com\/wp-content\/uploads\/2019\/04\/SWISSCOM_PUMPKIN-830x449.png 830w, https:\/\/www.richardjbucher.com\/wp-content\/uploads\/2019\/04\/SWISSCOM_PUMPKIN-230x124.png 230w, https:\/\/www.richardjbucher.com\/wp-content\/uploads\/2019\/04\/SWISSCOM_PUMPKIN-350x189.png 350w, https:\/\/www.richardjbucher.com\/wp-content\/uploads\/2019\/04\/SWISSCOM_PUMPKIN-480x260.png 480w\" sizes=\"(max-width: 891px) 100vw, 891px\" \/><\/a><\/p>\n<p>&nbsp;<\/p>\n<p>New work for Blick and Hotelplan for Stars on the sea. Was a pleasure to work with a amazing team. Thanks and check it out:&nbsp;<\/p>\n<p><iframe loading=\"lazy\" title=\"Stars auf See | von Schlager bis Volksrock\" width=\"1170\" height=\"658\" src=\"https:\/\/www.youtube.com\/embed\/GFYztK5DyxA?feature=oembed\" frameborder=\"0\" allow=\"accelerometer; autoplay; clipboard-write; encrypted-media; gyroscope; picture-in-picture; web-share\" referrerpolicy=\"strict-origin-when-cross-origin\" allowfullscreen><\/iframe><\/p>\n<p>&nbsp;<\/p>\n<p>New work for Freylini from Billionwords:<a href=\"https:\/\/vimeo.com\/240163799\" target=\"_blank\" rel=\"noopener noreferrer\"><img loading=\"lazy\" decoding=\"async\" class=\"alignleft wp-image-646 size-full\" src=\"https:\/\/www.richardjbucher.com\/wp-content\/uploads\/2019\/04\/Freylini_billionwords.png\" alt=\"\" width=\"962\" height=\"541\" srcset=\"https:\/\/www.richardjbucher.com\/wp-content\/uploads\/2019\/04\/Freylini_billionwords.png 962w, https:\/\/www.richardjbucher.com\/wp-content\/uploads\/2019\/04\/Freylini_billionwords-300x169.png 300w, https:\/\/www.richardjbucher.com\/wp-content\/uploads\/2019\/04\/Freylini_billionwords-768x432.png 768w, https:\/\/www.richardjbucher.com\/wp-content\/uploads\/2019\/04\/Freylini_billionwords-830x467.png 830w, https:\/\/www.richardjbucher.com\/wp-content\/uploads\/2019\/04\/Freylini_billionwords-230x129.png 230w, https:\/\/www.richardjbucher.com\/wp-content\/uploads\/2019\/04\/Freylini_billionwords-350x197.png 350w, https:\/\/www.richardjbucher.com\/wp-content\/uploads\/2019\/04\/Freylini_billionwords-480x270.png 480w\" sizes=\"(max-width: 962px) 100vw, 962px\" \/><\/a><\/p>\n<p>&nbsp;<\/p>\n<p>New work for Stuttgarter Hofbr\u00e4u: Just visit the website:<\/p>\n<p><a href=\"https:\/\/www.stuttgarter-hofbraeu.de\/unsere-neue-kampagne.html\">https:\/\/www.stuttgarter-hofbraeu.de\/unsere-neue-kampagne.html<\/a><\/p>\n<p><a href=\"https:\/\/www.stuttgarter-lieblingsplatz.de\">https:\/\/www.stuttgarter-lieblingsplatz.de<\/a><\/p>\n<p>&nbsp;<\/p>\n<p>New work for Galenica: Galencia ist da, wo du bist. What a great Job, so much fun and we flew with a helicopter. What an experience. Check it out:&nbsp;<\/p>\n<p><iframe loading=\"lazy\" title=\"Galenica ist da, wo du bist\" width=\"1170\" height=\"658\" src=\"https:\/\/www.youtube.com\/embed\/HuQSaqWnQ3U?list=PLjPN8MwA9_p4xkJXwE4HAvKkVg7p_DtI5\" frameborder=\"0\" allow=\"accelerometer; autoplay; clipboard-write; encrypted-media; gyroscope; picture-in-picture; web-share\" referrerpolicy=\"strict-origin-when-cross-origin\" allowfullscreen><\/iframe><\/p>\n<p>&nbsp;<\/p>\n<p>Finally the music video is out where I am in. Acey Lane&#8217;s &#8222;Beginnings&#8220;. Check it out:<\/p>\n<p><iframe loading=\"lazy\" title=\"ACEY LANE - Beginnings (Official Music Video)\" width=\"1170\" height=\"658\" src=\"https:\/\/www.youtube.com\/embed\/IXB7M6TU4y8?feature=oembed\" frameborder=\"0\" allow=\"accelerometer; autoplay; clipboard-write; encrypted-media; gyroscope; picture-in-picture; web-share\" referrerpolicy=\"strict-origin-when-cross-origin\" allowfullscreen><\/iframe><\/p>\n<p>&nbsp;<\/p>\n<p>New Work for BMW 4 Series&#8230; Directed by Knut Burgdorf<\/p>\n<p><iframe loading=\"lazy\" title=\"BMW4\" width=\"1170\" height=\"658\" src=\"https:\/\/www.youtube.com\/embed\/6pN-oeBOJ9Y?feature=oembed\" frameborder=\"0\" allow=\"accelerometer; autoplay; clipboard-write; encrypted-media; gyroscope; picture-in-picture; web-share\" referrerpolicy=\"strict-origin-when-cross-origin\" allowfullscreen><\/iframe><\/p>\n<p>&nbsp;<\/p>\n<p>New work for Megasmile, directed by Bon:<\/p>\n<p><iframe loading=\"lazy\" title=\"megasmile Instant Whitening Zahnschnee\" width=\"1170\" height=\"658\" src=\"https:\/\/www.youtube.com\/embed\/hO0M23z00uQ?feature=oembed\" frameborder=\"0\" allow=\"accelerometer; autoplay; clipboard-write; encrypted-media; gyroscope; picture-in-picture; web-share\" referrerpolicy=\"strict-origin-when-cross-origin\" allowfullscreen><\/iframe><\/p>\n<p><a><br><\/a><a href=\"http:\/\/www.scout-model.com\/album\/portfolio-richard-b\"> <img loading=\"lazy\" decoding=\"async\" class=\"alignleft wp-image-378 size-medium\" src=\"https:\/\/www.richardjbucher.com\/wp-content\/uploads\/2017\/03\/Richard-B.-Sed-Card-1490011141-page-001-212x300.jpg\" sizes=\"(max-width: 212px) 100vw, 212px\" srcset=\"https:\/\/www.richardjbucher.com\/wp-content\/uploads\/2017\/03\/Richard-B.-Sed-Card-1490011141-page-001-212x300.jpg 212w, https:\/\/www.richardjbucher.com\/wp-content\/uploads\/2017\/03\/Richard-B.-Sed-Card-1490011141-page-001-768x1086.jpg 768w, https:\/\/www.richardjbucher.com\/wp-content\/uploads\/2017\/03\/Richard-B.-Sed-Card-1490011141-page-001-724x1024.jpg 724w, https:\/\/www.richardjbucher.com\/wp-content\/uploads\/2017\/03\/Richard-B.-Sed-Card-1490011141-page-001-830x1174.jpg 830w, https:\/\/www.richardjbucher.com\/wp-content\/uploads\/2017\/03\/Richard-B.-Sed-Card-1490011141-page-001-230x325.jpg 230w, https:\/\/www.richardjbucher.com\/wp-content\/uploads\/2017\/03\/Richard-B.-Sed-Card-1490011141-page-001-350x495.jpg 350w, https:\/\/www.richardjbucher.com\/wp-content\/uploads\/2017\/03\/Richard-B.-Sed-Card-1490011141-page-001-480x679.jpg 480w\" alt=\"\" width=\"212\" height=\"300\"><\/a><br>For model booking Switzerland contact:<br>scout model agency gmbh&nbsp;<br><a href=\"http:\/\/www.scout-model.com\">www.scout-model.com<br><\/a>+41 44 241 60 60<br>Click on image to get to the model portfolio.&nbsp;<\/p>\n<p>For model booking Germany contact:&nbsp;<br>M4 Models Management GmbH<br><a href=\"http:\/\/www.m4models.de\" target=\"_blank\" rel=\"noopener noreferrer\">www.m4models.de<\/a><br>+49 40 4132360<\/p>\n<p>Portfolio:&nbsp;<a href=\"http:\/\/www.m4models.de\/model\/4815\" target=\"_blank\" rel=\"noopener noreferrer\">www.m4models.de\/model\/4815<\/a><\/p>\n<p>&nbsp;<\/p>\n<p>&nbsp;<\/p>\n<p><a href=\"https:\/\/www.richardjbucher.com\/wp-content\/uploads\/2017\/03\/ausserkontrolle.jpg\"><img loading=\"lazy\" decoding=\"async\" class=\"alignleft wp-image-155 size-medium\" src=\"https:\/\/www.richardjbucher.com\/wp-content\/uploads\/2017\/03\/ausserkontrolle-212x300.jpg\" sizes=\"(max-width: 212px) 100vw, 212px\" srcset=\"https:\/\/www.richardjbucher.com\/wp-content\/uploads\/2017\/03\/ausserkontrolle-212x300.jpg 212w, https:\/\/www.richardjbucher.com\/wp-content\/uploads\/2017\/03\/ausserkontrolle-768x1086.jpg 768w, https:\/\/www.richardjbucher.com\/wp-content\/uploads\/2017\/03\/ausserkontrolle-724x1024.jpg 724w, https:\/\/www.richardjbucher.com\/wp-content\/uploads\/2017\/03\/ausserkontrolle-830x1174.jpg 830w, https:\/\/www.richardjbucher.com\/wp-content\/uploads\/2017\/03\/ausserkontrolle-230x325.jpg 230w, https:\/\/www.richardjbucher.com\/wp-content\/uploads\/2017\/03\/ausserkontrolle-350x495.jpg 350w, https:\/\/www.richardjbucher.com\/wp-content\/uploads\/2017\/03\/ausserkontrolle-480x679.jpg 480w, https:\/\/www.richardjbucher.com\/wp-content\/uploads\/2017\/03\/ausserkontrolle.jpg 1000w\" alt=\"\" width=\"212\" height=\"300\"><\/a>Im Moment zu sehen in Ausser Kontrolle vom 21.01.2017-09.04.2017.&nbsp;<br>Infos: <a href=\"http:\/\/www.ausser-kontrolle.ch\">www.ausser-kontrolle.ch<\/a><br>Tickets: <a href=\"http:\/\/www.bernhard-theater.ch\">www.bernhard-theater.ch<\/a><\/p>","protected":false},"excerpt":{"rendered":"<p>Spotlight performer News:&nbsp; New Trailer: Neue Schauspielphotos von Remy Hunter:New Headshots by Remy Hunter: &nbsp; &nbsp; &nbsp; &nbsp; &nbsp; &nbsp; &nbsp; &nbsp; [&hellip;]<\/p>\n","protected":false},"author":1,"featured_media":0,"parent":0,"menu_order":0,"comment_status":"closed","ping_status":"closed","template":"","meta":{"ngg_post_thumbnail":0,"footnotes":""},"_links":{"self":[{"href":"https:\/\/www.richardjbucher.com\/index.php?rest_route=\/wp\/v2\/pages\/33"}],"collection":[{"href":"https:\/\/www.richardjbucher.com\/index.php?rest_route=\/wp\/v2\/pages"}],"about":[{"href":"https:\/\/www.richardjbucher.com\/index.php?rest_route=\/wp\/v2\/types\/page"}],"author":[{"embeddable":true,"href":"https:\/\/www.richardjbucher.com\/index.php?rest_route=\/wp\/v2\/users\/1"}],"replies":[{"embeddable":true,"href":"https:\/\/www.richardjbucher.com\/index.php?rest_route=%2Fwp%2Fv2%2Fcomments&post=33"}],"version-history":[{"count":126,"href":"https:\/\/www.richardjbucher.com\/index.php?rest_route=\/wp\/v2\/pages\/33\/revisions"}],"predecessor-version":[{"id":1024,"href":"https:\/\/www.richardjbucher.com\/index.php?rest_route=\/wp\/v2\/pages\/33\/revisions\/1024"}],"wp:attachment":[{"href":"https:\/\/www.richardjbucher.com\/index.php?rest_route=%2Fwp%2Fv2%2Fmedia&parent=33"}],"curies":[{"name":"wp","href":"https:\/\/api.w.org\/{rel}","templated":true}]}}